{"id":2277,"date":"2021-04-07T21:28:28","date_gmt":"2021-04-07T20:28:28","guid":{"rendered":"https:\/\/www.orbit36.com\/home-neu\/"},"modified":"2025-06-30T08:57:10","modified_gmt":"2025-06-30T07:57:10","slug":"home-neu","status":"publish","type":"page","link":"https:\/\/www.orbit36.com\/de\/","title":{"rendered":"Home"},"content":{"rendered":"\n\n\t<h1>\n\t\t\t\tRisk Finance Integration <br \/>ist unsere Leidenschaft &#8230;\n\t\t\t<\/h1>\n\t\t\t<a href=\"https:\/\/www.orbit36.com\/de\/unsere-firma\/\" target=\"_self\" role=\"button\" rel=\"noopener\">\n\t\t\t\t\t\t\tWeiterlesen\n\t\t<\/a>\n\t\t\t<h2>Orbit36 ist eine Management Consulting Boutique f\u00fcr Banken und Versicherungen<\/h2><h4>Wir helfen CFOs und CROs ihre Herausforderungen in der Strategischen Planung, Risiko- und Kapitalmanagement zu meistern<\/h4>\n\t\t\t\t<img decoding=\"async\" src=\"http:\/\/www.feyerabend.biz\/kunden\/orbit36\/wp-content\/uploads\/sites\/26\/2020\/06\/icon1.png\" alt=\"icon1\" title=\"icon1\" itemprop=\"image\"  \/>\n\t\t\t<h3>Strategic <br \/>Planning<\/h3><p>Gewinnen Sie durch den Einsatz von Modellen und Scenarios Flexibilit\u00e4t und neue Einsichten<\/p>\t\t\t\n\t\t\t\t<img decoding=\"async\" src=\"http:\/\/www.feyerabend.biz\/kunden\/orbit36\/wp-content\/uploads\/sites\/26\/2020\/06\/icon2.png\" alt=\"icon2\" title=\"icon2\" itemprop=\"image\"  \/>\n\t\t\t<h3>Stress <br \/>Testing<\/h3><p>Verstehen Sie Ihre Anf\u00e4lligkeit auf makro\u00f6konomische Krisenszenarien<\/p>\t\t\t\n\t\t\t\t<img decoding=\"async\" src=\"http:\/\/www.feyerabend.biz\/kunden\/orbit36\/wp-content\/uploads\/sites\/26\/2020\/06\/icon3.png\" alt=\"icon3\" title=\"icon3\" itemprop=\"image\"  \/>\n\t\t\t<h3>Performance <br \/>Management<\/h3><h5>Stellen Sie sicher, dass sich Ihr Finanzplan in Shareholder Value umsetzt<\/h5>\t\t\t\n\t\t\t\t<img decoding=\"async\" src=\"https:\/\/www.orbit36.com\/wp-content\/uploads\/2020\/07\/icon_capital-optimization.png\" alt=\"icon_capital-optimization\" title=\"icon_capital-optimization\" itemprop=\"image\"  \/>\n\t\t\t<h3>Capital <br \/>Optimization<\/h3><h5>Weisen Sie Ihre Ressourcen den Unternehmensbereichen zu, die den gr\u00f6ssten Mehrwert schaffen<\/h5>\t\t\t\n\t\t\t\t<img decoding=\"async\" src=\"https:\/\/www.orbit36.com\/wp-content\/uploads\/2020\/07\/icon_valuation.png\" alt=\"icon_valuation\" title=\"icon_valuation\" itemprop=\"image\"  \/>\n\t\t\t<h3>Valuation<br \/><br \/><\/h3><h5>Bestimmen Sie den Wert f\u00fcr jeden Gesch\u00e4ftsbereich und unterst\u00fctzen Sie Ihre M&#038;A Aktivit\u00e4ten<\/h5>\t\t\t\n\t\t\t\t<img decoding=\"async\" src=\"https:\/\/www.orbit36.com\/wp-content\/uploads\/2021\/04\/icon_change-management.png\" alt=\"icon_change-management\" title=\"icon_change-management\" itemprop=\"image\"  \/>\n\t\t\t<h3>Change <br \/>Management<br \/><\/h3><p>Effizienz- und Effektivit\u00e4tsverbesserung durch Prozessoptimierung<\/p>\t\t\t\n\t\t\t<h3>Strategic Planning<\/h3>\n\t\t\t\t<p>F\u00fchrungskr\u00e4fte erwarten von ihren Finanz- und Risikoorganisationen, dass sie die Auswirkungen von \u00c4nderungen der wirtschaftlichen Bedingungen schnell und auf der Grundlage einer robusten Methodik quantifizieren k\u00f6nnen. Sie ben\u00f6tigen einen effizienten und integrierten Gesch\u00e4ftsplanungs- und Prognoseprozess, und sie wollen die wesentlichen Umsatz-, Kosten- und Kapitalressourcentreiber verstehen.<\/p>\n<p>\u201eWas-w\u00e4re-wenn&#8220; -Szenarien erm\u00f6glichen ein besseres Verst\u00e4ndnis potenzieller zuk\u00fcnftiger Entwicklungen und unterst\u00fctzen Entscheidungstr\u00e4ger bei ihrer Strategieentwicklung.<\/p>\n<p>Der regulatorische und pr\u00fcfungsrelevante Fokus auf die Robustheit des Planungsprozesses hat in den letzten Jahren zugenommen.<\/p>\n<p>Direkter Input aus den Gesch\u00e4ftsbereichen wird weiterhin von hoher Bedeutung bleiben. Dar\u00fcber hinaus sollten Planung und Prognose durch treiberbasierte Modelle erg\u00e4nzt werden, um mehr Transparenz zu schaffen und um rasche Planaktualisierungen zu erm\u00f6glichen.<\/p>\n\t\t\t<h3>Stress Testing<\/h3>\n\t\t\t\t<p>Stresstests haben sich fortlaufend weiterentwickelt. Anstelle eines Einmalaufwandes basierend auf subjektiven Einsch\u00e4tzungen von Experten kommt vermehrt ein transparenter, modelbasierter Ansatz zur Anwendung, der wiederhol- und \u00fcberpr\u00fcfbar ist.<\/p>\n<p>Die Ergebnisse von Risikomodellen werden in die Finanzpl\u00e4ne integriert, einschlie\u00dflich einer vollst\u00e4ndigen Evaluation des Kapitalplans unter den verschiedenen Stressszenarien.<\/p>\n<p>Bankenaufsichtsbeh\u00f6rden st\u00fctzen sich bei der Beurteilung der Kapitalausstattung und der Dividendenaussch\u00fcttungs-Kapazit\u00e4t gro\u00dfer systemrelevanter Banken zunehmend auf szenariobasierte Stresstests.<\/p>\n<p>In der Schweiz unterliegen die beiden gr\u00f6\u00dften Banken einem von der FINMA geforderten Stresstest, der sogenannten Loss-Potential-Analyse (LPA).<\/p>\n<p>Da LPA in Zukunft m\u00f6glicherweise auch auf andere systemrelevante oder gro\u00dfe Banken in der Schweiz ausgeweitet wird, sollten diese Banken rechtzeitig damit beginnen, Kompetenzen im Bereich Stress-Testing aufzubauen.<\/p>\n\t\t\t<h3>Performance Management<\/h3>\n\t\t\t\t<p>Die Schaffung von Shareholder Value ist wichtig, um die Marktkapitalisierung eines Unternehmens zu erh\u00f6hen.<\/p>\n<p>Um dies zu erreichen, m\u00fcssen Finanzinstitute eine starke Performance-Management-Kultur etablieren und Transparenz \u00fcber die Treiber von Umsatz und Kosten schaffen.<\/p>\n<p>Sie m\u00fcssen verstehen, wie sich die Rentabilit\u00e4t und die Nutzung von finanziellen Ressourcen der einzelnen Gesch\u00e4ftsbereiche auf den Wert des Unternehmens auswirken.<\/p>\n<p>Ein solides KPI-Framework und die \u00dcberwachung von aktuellen Finanzdaten gegen Zielgr\u00f6\u00dfen stellen zusammen mit einem regelm\u00e4\u00dfigen Managementdialog sicher, dass unbefriedigende Leistungen zeitnah adressiert werden.<\/p>\n\t\t\t<h3>Capital Optimization<\/h3>\n\t\t\t\t<p>Regulatorisches Eigenkapital ist f\u00fcr die meisten Banken eine wertvolle und knappe Ressource. Deshalb ist es f\u00fcr die Gesch\u00e4ftsleitung einer Bank von entscheidender Bedeutung, das regulatorische Eigenkapital denjenigen Gesch\u00e4ftsbereichen zuzuweisen, die darauf die h\u00f6chste Rendite erzielen k\u00f6nnen.<\/p>\n<p>Kapitalanforderungen werden heutzutage haupts\u00e4chlich durch Pillar 1 Anforderungen basierend auf risikogewichteten Aktiven und der Leverage-Ratio bestimmt.<\/p>\n<p>Regulatorische Anforderungen und Regeln sind unterschiedlich zwischen Standorten und Rechtseinheiten. Zus\u00e4tzlich k\u00f6nnten Stresstests in Zukunft f\u00fcr viele gro\u00dfen Banken zur kapitalbestimmenden Gr\u00f6\u00dfe und somit zum Engpassfaktor werden.<\/p>\n<p>Angesichts dieser Unsicherheiten sind Banken gut beraten, Methoden zur Kapitalallokation anzuwenden, die sich auf mehreren Faktoren abst\u00fctzen.<\/p>\n\t\t\t<h3>Valuation<\/h3>\n\t\t\t\t<p>Moderne Bewertungsmethoden erm\u00f6glichen die Verkn\u00fcpfung wertorientierter Managementkonzepte, wie zum Beispiel Economic Profit mit der Marktkapitalisierung. Sie erm\u00f6glichen es, Erkenntnisse und Transparenz \u00fcber den Wert der einzelnen Gesch\u00e4ftsbereiche zu erlangen.<\/p>\n<p>M&#038;A Aktivit\u00e4ten: Es besteht das Risiko, zu viel f\u00fcr Akquisitionen zu bezahlen, wenn das Potenzial, um positiven \u00f6konomischen Profit zu erzielen nicht objektiv im Voraus bestimmt wird oder wenn die Bewertung auf inkonsistenten Diskontraten beruht.<\/p>\n<p>Die Pr\u00fcfung der Werthaltigkeit von Goodwill und immateriellen Verm\u00f6genswerten anhand des Nutzungswerts macht erforderlich, dass DCF-Bewertungsmethoden an die Gegebenheiten der Bankindustrie angepasst werden.<\/p>\n\t\t\t<h3>Change Management<\/h3>\n\t\t\t\t<p>Ein fokussierter und strukturierter Ansatz f\u00fcr das Change Management ist f\u00fcr die erfolgreiche Planung und Durchf\u00fchrung eines Transformationsprojekts unerl\u00e4sslich. Schaffen Sie eine Unternehmenskultur, die Innovation und Agilit\u00e4t f\u00f6rdert.<\/p>\n<p>Die Effektivit\u00e4t und Effizienz eines Unternehmens kann durch Prozessoptimierung, Digitalisierung und Automatisierung des Datenmanagements erheblich verbessert werden.<\/p>\n<p>Ein plausibles Konzept in Bezug auf Ziele, Ressourcen und Timing zu Beginn und eine strenge Umsetzung, gefolgt von Schulung und Coaching der Teammitglieder, stellt sicher, dass die Ziele erreicht werden. Mit unseren erfahrenen IT-Partnern bieten wir nachhaltige L\u00f6sungen.<\/p>\n\n","protected":false},"excerpt":{"rendered":"<p>Risk Finance Integration ist unsere Leidenschaft &#8230; Weiterlesen Orbit36 ist eine Management Consulting Boutique f\u00fcr Banken und Versicherungen Wir helfen CFOs und CROs ihre Herausforderungen in der Strategischen Planung, Risiko- und Kapitalmanagement zu meistern Strategic Planning Gewinnen Sie durch den Einsatz von Modellen und Scenarios Flexibilit\u00e4t und neue Einsichten Stress Testing Verstehen Sie Ihre Anf\u00e4lligkeit [&hellip;]<\/p>\n","protected":false},"author":1,"featured_media":0,"parent":0,"menu_order":0,"comment_status":"closed","ping_status":"closed","template":"","meta":{"inline_featured_image":false,"site-sidebar-layout":"no-sidebar","site-content-layout":"page-builder","ast-site-content-layout":"full-width-container","site-content-style":"unboxed","site-sidebar-style":"unboxed","ast-global-header-display":"","ast-banner-title-visibility":"","ast-main-header-display":"","ast-hfb-above-header-display":"","ast-hfb-below-header-display":"","ast-hfb-mobile-header-display":"","site-post-title":"disabled","ast-breadcrumbs-content":"","ast-featured-img":"disabled","footer-sml-layout":"","theme-transparent-header-meta":"default","adv-header-id-meta":"","stick-header-meta":"default","header-above-stick-meta":"","header-main-stick-meta":"","header-below-stick-meta":"","astra-migrate-meta-layouts":"set","ast-page-background-enabled":"default","ast-page-background-meta":{"desktop":{"background-color":"","background-image":"","background-repeat":"repeat","background-position":"center center","background-size":"auto","background-attachment":"scroll","background-type":"","background-media":"","overlay-type":"","overlay-color":"","overlay-opacity":"","overlay-gradient":""},"tablet":{"background-color":"","background-image":"","background-repeat":"repeat","background-position":"center center","background-size":"auto","background-attachment":"scroll","background-type":"","background-media":"","overlay-type":"","overlay-color":"","overlay-opacity":"","overlay-gradient":""},"mobile":{"background-color":"","background-image":"","background-repeat":"repeat","background-position":"center center","background-size":"auto","background-attachment":"scroll","background-type":"","background-media":"","overlay-type":"","overlay-color":"","overlay-opacity":"","overlay-gradient":""}},"ast-content-background-meta":{"desktop":{"background-color":"var(--ast-global-color-5)","background-image":"","background-repeat":"repeat","background-position":"center center","background-size":"auto","background-attachment":"scroll","background-type":"","background-media":"","overlay-type":"","overlay-color":"","overlay-opacity":"","overlay-gradient":""},"tablet":{"background-color":"var(--ast-global-color-5)","background-image":"","background-repeat":"repeat","background-position":"center center","background-size":"auto","background-attachment":"scroll","background-type":"","background-media":"","overlay-type":"","overlay-color":"","overlay-opacity":"","overlay-gradient":""},"mobile":{"background-color":"var(--ast-global-color-5)","background-image":"","background-repeat":"repeat","background-position":"center center","background-size":"auto","background-attachment":"scroll","background-type":"","background-media":"","overlay-type":"","overlay-color":"","overlay-opacity":"","overlay-gradient":""}},"footnotes":""},"class_list":["post-2277","page","type-page","status-publish","hentry"],"yoast_head":"<!-- This site is optimized with the Yoast SEO plugin v26.5 - https:\/\/yoast.com\/wordpress\/plugins\/seo\/ -->\n<title>Orbit36 \u2013 Risk Finance Solutions<\/title>\n<meta name=\"description\" content=\"Risk Finance Solutions. Wir sind Ihr kompetenter Partner, der es Ihrer Organisation erm\u00f6glicht in Szenarien zu denken.\" \/>\n<meta name=\"robots\" content=\"index, follow, max-snippet:-1, max-image-preview:large, max-video-preview:-1\" \/>\n<link rel=\"canonical\" href=\"https:\/\/www.orbit36.com\/\" \/>\n<meta property=\"og:locale\" content=\"de_DE\" \/>\n<meta property=\"og:type\" content=\"article\" \/>\n<meta property=\"og:title\" content=\"Orbit36 \u2013 Risk Finance Solutions\" \/>\n<meta property=\"og:description\" content=\"Risk Finance Solutions. Wir sind Ihr kompetenter Partner, der es Ihrer Organisation erm\u00f6glicht in Szenarien zu denken.\" \/>\n<meta property=\"og:url\" content=\"https:\/\/www.orbit36.com\/\" \/>\n<meta property=\"og:site_name\" content=\"Orbit36\" \/>\n<meta property=\"article:modified_time\" content=\"2025-06-30T07:57:10+00:00\" \/>\n<meta property=\"og:image\" content=\"http:\/\/www.feyerabend.biz\/kunden\/orbit36\/wp-content\/uploads\/sites\/26\/2020\/06\/icon1.png\" \/>\n<meta name=\"twitter:card\" content=\"summary_large_image\" \/>\n<meta name=\"twitter:label1\" content=\"Gesch\u00e4tzte Lesezeit\" \/>\n\t<meta name=\"twitter:data1\" content=\"4\u00a0Minuten\" \/>\n<script type=\"application\/ld+json\" class=\"yoast-schema-graph\">{\"@context\":\"https:\/\/schema.org\",\"@graph\":[{\"@type\":\"WebPage\",\"@id\":\"https:\/\/www.orbit36.com\/\",\"url\":\"https:\/\/www.orbit36.com\/\",\"name\":\"Orbit36 \u2013 Risk Finance Solutions\",\"isPartOf\":{\"@id\":\"https:\/\/www.orbit36.com\/#website\"},\"primaryImageOfPage\":{\"@id\":\"https:\/\/www.orbit36.com\/#primaryimage\"},\"image\":{\"@id\":\"https:\/\/www.orbit36.com\/#primaryimage\"},\"thumbnailUrl\":\"http:\/\/www.feyerabend.biz\/kunden\/orbit36\/wp-content\/uploads\/sites\/26\/2020\/06\/icon1.png\",\"datePublished\":\"2021-04-07T20:28:28+00:00\",\"dateModified\":\"2025-06-30T07:57:10+00:00\",\"description\":\"Risk Finance Solutions. Wir sind Ihr kompetenter Partner, der es Ihrer Organisation erm\u00f6glicht in Szenarien zu denken.\",\"breadcrumb\":{\"@id\":\"https:\/\/www.orbit36.com\/#breadcrumb\"},\"inLanguage\":\"de\",\"potentialAction\":[{\"@type\":\"ReadAction\",\"target\":[\"https:\/\/www.orbit36.com\/\"]}]},{\"@type\":\"ImageObject\",\"inLanguage\":\"de\",\"@id\":\"https:\/\/www.orbit36.com\/#primaryimage\",\"url\":\"http:\/\/www.feyerabend.biz\/kunden\/orbit36\/wp-content\/uploads\/sites\/26\/2020\/06\/icon1.png\",\"contentUrl\":\"http:\/\/www.feyerabend.biz\/kunden\/orbit36\/wp-content\/uploads\/sites\/26\/2020\/06\/icon1.png\"},{\"@type\":\"BreadcrumbList\",\"@id\":\"https:\/\/www.orbit36.com\/#breadcrumb\",\"itemListElement\":[{\"@type\":\"ListItem\",\"position\":1,\"name\":\"Home\",\"item\":\"https:\/\/www.orbit36.com\/\"},{\"@type\":\"ListItem\",\"position\":2,\"name\":\"Home\"}]},{\"@type\":\"WebSite\",\"@id\":\"https:\/\/www.orbit36.com\/#website\",\"url\":\"https:\/\/www.orbit36.com\/\",\"name\":\"Orbit36\",\"description\":\"Risk Finance Solutions\",\"publisher\":{\"@id\":\"https:\/\/www.orbit36.com\/#organization\"},\"potentialAction\":[{\"@type\":\"SearchAction\",\"target\":{\"@type\":\"EntryPoint\",\"urlTemplate\":\"https:\/\/www.orbit36.com\/?s={search_term_string}\"},\"query-input\":{\"@type\":\"PropertyValueSpecification\",\"valueRequired\":true,\"valueName\":\"search_term_string\"}}],\"inLanguage\":\"de\"},{\"@type\":\"Organization\",\"@id\":\"https:\/\/www.orbit36.com\/#organization\",\"name\":\"Orbit36\",\"url\":\"https:\/\/www.orbit36.com\/\",\"logo\":{\"@type\":\"ImageObject\",\"inLanguage\":\"de\",\"@id\":\"https:\/\/www.orbit36.com\/#\/schema\/logo\/image\/\",\"url\":\"https:\/\/www.orbit36.com\/wp-content\/uploads\/2023\/12\/orbit36-logo-square.png\",\"contentUrl\":\"https:\/\/www.orbit36.com\/wp-content\/uploads\/2023\/12\/orbit36-logo-square.png\",\"width\":1065,\"height\":1064,\"caption\":\"Orbit36\"},\"image\":{\"@id\":\"https:\/\/www.orbit36.com\/#\/schema\/logo\/image\/\"}}]}<\/script>\n<!-- \/ Yoast SEO plugin. -->","yoast_head_json":{"title":"Orbit36 \u2013 Risk Finance Solutions","description":"Risk Finance Solutions. Wir sind Ihr kompetenter Partner, der es Ihrer Organisation erm\u00f6glicht in Szenarien zu denken.","robots":{"index":"index","follow":"follow","max-snippet":"max-snippet:-1","max-image-preview":"max-image-preview:large","max-video-preview":"max-video-preview:-1"},"canonical":"https:\/\/www.orbit36.com\/","og_locale":"de_DE","og_type":"article","og_title":"Orbit36 \u2013 Risk Finance Solutions","og_description":"Risk Finance Solutions. Wir sind Ihr kompetenter Partner, der es Ihrer Organisation erm\u00f6glicht in Szenarien zu denken.","og_url":"https:\/\/www.orbit36.com\/","og_site_name":"Orbit36","article_modified_time":"2025-06-30T07:57:10+00:00","og_image":[{"url":"http:\/\/www.feyerabend.biz\/kunden\/orbit36\/wp-content\/uploads\/sites\/26\/2020\/06\/icon1.png","type":"","width":"","height":""}],"twitter_card":"summary_large_image","twitter_misc":{"Gesch\u00e4tzte Lesezeit":"4\u00a0Minuten"},"schema":{"@context":"https:\/\/schema.org","@graph":[{"@type":"WebPage","@id":"https:\/\/www.orbit36.com\/","url":"https:\/\/www.orbit36.com\/","name":"Orbit36 \u2013 Risk Finance Solutions","isPartOf":{"@id":"https:\/\/www.orbit36.com\/#website"},"primaryImageOfPage":{"@id":"https:\/\/www.orbit36.com\/#primaryimage"},"image":{"@id":"https:\/\/www.orbit36.com\/#primaryimage"},"thumbnailUrl":"http:\/\/www.feyerabend.biz\/kunden\/orbit36\/wp-content\/uploads\/sites\/26\/2020\/06\/icon1.png","datePublished":"2021-04-07T20:28:28+00:00","dateModified":"2025-06-30T07:57:10+00:00","description":"Risk Finance Solutions. Wir sind Ihr kompetenter Partner, der es Ihrer Organisation erm\u00f6glicht in Szenarien zu denken.","breadcrumb":{"@id":"https:\/\/www.orbit36.com\/#breadcrumb"},"inLanguage":"de","potentialAction":[{"@type":"ReadAction","target":["https:\/\/www.orbit36.com\/"]}]},{"@type":"ImageObject","inLanguage":"de","@id":"https:\/\/www.orbit36.com\/#primaryimage","url":"http:\/\/www.feyerabend.biz\/kunden\/orbit36\/wp-content\/uploads\/sites\/26\/2020\/06\/icon1.png","contentUrl":"http:\/\/www.feyerabend.biz\/kunden\/orbit36\/wp-content\/uploads\/sites\/26\/2020\/06\/icon1.png"},{"@type":"BreadcrumbList","@id":"https:\/\/www.orbit36.com\/#breadcrumb","itemListElement":[{"@type":"ListItem","position":1,"name":"Home","item":"https:\/\/www.orbit36.com\/"},{"@type":"ListItem","position":2,"name":"Home"}]},{"@type":"WebSite","@id":"https:\/\/www.orbit36.com\/#website","url":"https:\/\/www.orbit36.com\/","name":"Orbit36","description":"Risk Finance Solutions","publisher":{"@id":"https:\/\/www.orbit36.com\/#organization"},"potentialAction":[{"@type":"SearchAction","target":{"@type":"EntryPoint","urlTemplate":"https:\/\/www.orbit36.com\/?s={search_term_string}"},"query-input":{"@type":"PropertyValueSpecification","valueRequired":true,"valueName":"search_term_string"}}],"inLanguage":"de"},{"@type":"Organization","@id":"https:\/\/www.orbit36.com\/#organization","name":"Orbit36","url":"https:\/\/www.orbit36.com\/","logo":{"@type":"ImageObject","inLanguage":"de","@id":"https:\/\/www.orbit36.com\/#\/schema\/logo\/image\/","url":"https:\/\/www.orbit36.com\/wp-content\/uploads\/2023\/12\/orbit36-logo-square.png","contentUrl":"https:\/\/www.orbit36.com\/wp-content\/uploads\/2023\/12\/orbit36-logo-square.png","width":1065,"height":1064,"caption":"Orbit36"},"image":{"@id":"https:\/\/www.orbit36.com\/#\/schema\/logo\/image\/"}}]}},"_links":{"self":[{"href":"https:\/\/www.orbit36.com\/de\/wp-json\/wp\/v2\/pages\/2277","targetHints":{"allow":["GET"]}}],"collection":[{"href":"https:\/\/www.orbit36.com\/de\/wp-json\/wp\/v2\/pages"}],"about":[{"href":"https:\/\/www.orbit36.com\/de\/wp-json\/wp\/v2\/types\/page"}],"author":[{"embeddable":true,"href":"https:\/\/www.orbit36.com\/de\/wp-json\/wp\/v2\/users\/1"}],"replies":[{"embeddable":true,"href":"https:\/\/www.orbit36.com\/de\/wp-json\/wp\/v2\/comments?post=2277"}],"version-history":[{"count":16,"href":"https:\/\/www.orbit36.com\/de\/wp-json\/wp\/v2\/pages\/2277\/revisions"}],"predecessor-version":[{"id":5414,"href":"https:\/\/www.orbit36.com\/de\/wp-json\/wp\/v2\/pages\/2277\/revisions\/5414"}],"wp:attachment":[{"href":"https:\/\/www.orbit36.com\/de\/wp-json\/wp\/v2\/media?parent=2277"}],"curies":[{"name":"wp","href":"https:\/\/api.w.org\/{rel}","templated":true}]}}