{"id":4876,"date":"2024-06-20T21:07:31","date_gmt":"2024-06-20T20:07:31","guid":{"rendered":"https:\/\/www.orbit36.com\/trainings-2\/"},"modified":"2024-08-20T10:49:18","modified_gmt":"2024-08-20T09:49:18","slug":"trainings","status":"publish","type":"page","link":"https:\/\/www.orbit36.com\/de\/trainings\/","title":{"rendered":"Trainings"},"content":{"rendered":"\n\n\t\t\t<h1>Orbit36 Trainings<\/h1>\t\t\t\n\t\t\t\t<p>Do you have the necessary expert knowledge?<br \/>Enhance your skills with our tailored trainings.<\/p>\n<p>Available online and in person, individual or Group training.<\/p>\n\t\t\t<a href=\"https:\/\/www.orbit36.com\/trainings\/#bod-training\" target=\"_self\" role=\"button\" aria-label=\"Board of Directors Training\" rel=\"noopener\">\n\t\t\t\t\t\t\tBoard of Directors Training\n\t\t<\/a>\n\t\t\t<a href=\"https:\/\/www.orbit36.com\/trainings\/#online-trainings\" target=\"_self\" role=\"button\" aria-label=\"Online Trainings\" rel=\"noopener\">\n\t\t\t\t\t\t\tOnline Trainings\n\t\t<\/a>\n\t\t\t\t\t\t\t\t\t<img loading=\"lazy\" decoding=\"async\" src=\"https:\/\/www.orbit36.com\/wp-content\/uploads\/2021\/04\/AdobeStock_76378697_w.jpg\" alt=\"modern office work place with table and chairs\" itemprop=\"image\" height=\"929\" width=\"1400\" srcset=\"https:\/\/www.orbit36.com\/wp-content\/uploads\/2021\/04\/AdobeStock_76378697_w.jpg 1400w, https:\/\/www.orbit36.com\/wp-content\/uploads\/2021\/04\/AdobeStock_76378697_w-900x597.jpg 900w, https:\/\/www.orbit36.com\/wp-content\/uploads\/2021\/04\/AdobeStock_76378697_w-1024x679.jpg 1024w, https:\/\/www.orbit36.com\/wp-content\/uploads\/2021\/04\/AdobeStock_76378697_w-768x510.jpg 768w\" sizes=\"auto, (max-width: 1400px) 100vw, 1400px\" title=\"modern office\" onerror=\"this.style.display='none'\"  \/>\n\t\t\t<h2>Board of Directors Training<\/h2>\n\t\t\t\t<p>Board members of a bank need to effectively supervise the management. Enhance your skills with our tailored board member trainings.<\/p>\n\t\t\t<h2>Brochure<\/h2>\t\t\t\n\t\t\t\t<img loading=\"lazy\" decoding=\"async\" src=\"https:\/\/www.orbit36.com\/wp-content\/uploads\/2021\/04\/flyer_en_2_mockup_web-scaled.jpg\" alt=\"flyer_en_2_mockup_web\" itemprop=\"image\" height=\"1482\" width=\"2560\" title=\"flyer_en_2_mockup_web\" onerror=\"this.style.display='none'\"  \/>\n\t\t\t<a href=\"https:\/\/www.orbit36.com\/wp-content\/uploads\/2021\/04\/Orbit36-Flyer-EN.pdf\" target=\"_self\" role=\"button\" aria-label=\"Download (PDF)\" rel=\"noopener\">\n\t\t\t\t\t\t\tDownload (PDF)\n\t\t<\/a>\n\t\t\t<h2>Your benefits:<\/h2>\t\t\t\n\t\t\t\t<ul>\n<li>Addresses the increased responsibilities and skills expected from individual board members<\/li>\n<li>Helps to challenge and supervise the management of a bank<\/li>\n<li>Improves your understanding of the mechanics, risks and dependencies of a bank&#8217;s business model<\/li>\n<li>Fosters effective discussions with regulators<\/li>\n<li>Tailored to the specific needs of board members. Available online and in person, individual or group training<\/li>\n<\/ul>\n\t\t\t<h3>&#8222;The training is highly valuable for board members to foster a balanced discussion between the board and management.&#8220;<\/h3>\t\t\t\n\t\t\t\t<p>Andreas Amschwand,<br \/>Vice President of the Board of Directors of Saxo Bank (Schweiz) AG<\/p>\n\t\t\t\t<img decoding=\"async\" src=\"https:\/\/www.orbit36.com\/wp-content\/uploads\/bb-plugin\/cache\/Amschwand_2-circle.jpg\" alt=\"Amschwand_2\" title=\"Amschwand_2\" itemprop=\"image\"\/>\n\t<h2>\n\t\t\t\tOur 4 Modules\n\t\t\t<\/h2>\n\t\t\t\t\t\t<h5>1. Structural Risks of the Banking Business<\/h5>\n\t\t\t<ol>\n<li>\n<ul>\n<li>Reveals structural risks in a bank&#8217;s balance sheet. Explains the role of capital structure and Basel III regulation.<\/li>\n<li>Covers interest rate risk, funding and liquidity risk resulting from the maturity mismatch between loans and deposits.<\/li>\n<li>Explains the Liquidity Coverage Ratio and Net Stable Funding Ratio requirements under the Basel III framework.<\/li>\n<li>Summarizes the complex interplay between client trust, sufficient capital, liquidity and stable funding.\u00a0<\/li>\n<\/ul>\n<\/li>\n<\/ol>\n\t\t\t\t\t\t<h5>2. Balance Sheet Management<\/h5>\n\t\t\t<ol>\n<li>\n<ul>\n<li>Explains how a bank manages its assets and liabilities.<\/li>\n<li>Shows the most relevant balance sheet positions and how banks fund their assets through the issuance of liabilities.<\/li>\n<li>Describes the role of the Treasury function as bank internal intermediary and how to manage interest rate and FX risks.<\/li>\n<li>Shows the mechanics of a capital and funding plan.<\/li>\n<\/ul>\n<\/li>\n<\/ol>\n\t\t\t\t\t\t<h5>3. Financial Management<\/h5>\n\t\t\t<ol>\n<li>\n<ul>\n<li>Explains the key drivers of income and expenses and their link to financial resources.<\/li>\n<li>Shows how to effectively steer a bank through performance dialogue, KPI Framework and financial analysis.<\/li>\n<li>Covers integrated strategic business planning and financial resources optimization.<\/li>\n<li>Introduces value-based management concepts, capital allocation and their link to shareholder value creation.<\/li>\n<\/ul>\n<\/li>\n<\/ol>\n\t\t\t\t\t\t<h5>4. Strategy and Corporate Foresight<\/h5>\n\t\t\t<ol>\n<li>\n<ul>\n<li>Shows the impact of changes in the economic and social environment on the markets and customer needs.<\/li>\n<li>Provides to think proactively about the future &#8211; even outside of one&#8217;s own field of business.<\/li>\n<li>Helps to think in alternatives and to remain confident even in uncertain times.<\/li>\n<li>How will markets, industries and customer needs develop?<\/li>\n<\/ul>\n<\/li>\n<\/ol>\n\t\t\t<h2>Individual Trainings<\/h2>\t\t\t\n\t\t\t<h2>Board of Directors Members Trainings<\/h2>\t\t\t\n\t\t\t\t<ul>\n<li>Helps board members to better understand the mechanics, risks and dependencies of a bank&#8217;s business model<\/li>\n<li>Challenge and supervise the management of a bank<\/li>\n<li>Supports board members in their discussions with regulators<\/li>\n<li>Better understand and challenge model risks and assumptions<\/li>\n<li>Addresses the increased responsibilities and skills expected from individual board members<\/li>\n<\/ul>\n\t\t\t<h2>Executive Management Trainings<\/h2>\t\t\t\n\t\t\t\t<ul>\n<li>Helps executives and management to better understand the mechanics, risks and dependencies of a bank&#8217;s business model<\/li>\n<li>Designed to train management in Risk and Finance functions to get a comprehensive integrated view on Risks, Capital, Liquidity, Funding and Treasury Management<\/li>\n<li>Supports management to successfully steer a company in a VUCA (Volatility, Uncertainty, Complexity, Ambiguity) environment and considering increasing regulatory requirements<\/li>\n<\/ul>\n\t\t\t<h2>Group Seminars<\/h2>\t\t\t\n\t\t\t<h2>Specials<\/h2>\t\t\t\n\t\t\t\t<ul>\n<li>The seminars provide background information and analysis about special events that impacted banks in recent history<\/li>\n<li>Participants learn about root causes and how the event impacts bank&#8217;s daily business\u00a0<\/li>\n<li>\n<p>Upon request, special topics can be raised and will individually be prepared by Orbit36<\/p>\n<\/li>\n<\/ul>\n\t\t\t<h2>Banking Fundamentals<\/h2>\t\t\t\n\t\t\t\t<ul>\n<li>The seminars offer participants a broad understanding of finance, treasury and risk management topics<\/li>\n<li>Shows based on examples how to effectively manage the performance of a bank<\/li>\n<li>\n<p>Improve your understanding of the mechanics, risks and dependencies of a bank&#8217;s business model<\/p>\n<\/li>\n<\/ul>\n\t\t\t<h2>Deep Dives<\/h2>\t\t\t\n\t\t\t\t<ul>\n<li>\n<p>The seminars enable banking professionals in finance, risk and treasury to gain a profound understanding in asset and liability management, liquidity &amp; funding, interest rate risk, financial planning &amp; analysis and economic value add concepts<\/p>\n<\/li>\n<li>\n<p>Enhance your expertise and learn about state-of-the art finance, treasury and risk management methods<\/p>\n<\/li>\n<\/ul>\n\t\t\t<h2>Online Trainings<\/h2>\t\t\t\n\t\t\t\t<p>The format of compact learning videos gives you an efficient, flexible and time-saving opportunity for individual trainings. All our trainings are specifically tailored to the needs of the respective target groups.<\/p>\n\t\t\t<a href=\"https:\/\/orbit36.vhx.tv\/products\" target=\"_self\" role=\"button\" aria-label=\"See all our videos\" rel=\"noopener\">\n\t\t\t\t\t\t\tSee all our videos\n\t\t<\/a>\n\t\t\t\t<img loading=\"lazy\" decoding=\"async\" src=\"https:\/\/www.orbit36.com\/wp-content\/uploads\/2024\/06\/mockuo-vimeo.png\" alt=\"mockuo-vimeo\" itemprop=\"image\" height=\"949\" width=\"1400\" title=\"mockuo-vimeo\" onerror=\"this.style.display='none'\"  \/>\n\t\t\t\t\t<img decoding=\"async\" src=\"https:\/\/www.orbit36.com\/wp-content\/uploads\/2024\/06\/thumb-bankbilanz.jpg\" alt=\"\"\/>\n\t\t\t<h3>Die Bankbilanz verstehen<\/h3>\t\t\t\n\t\t\t\t<p>Das Orbit36-Training &#8222;Die Bankbilanz verstehen&#8220; ist spezifisch auf die Bed\u00fcrfnisse von Verwaltungsratsmitgliedern von Schweizer Regionalbanken, Kantonalbanken und Raiffeisenbanken ausgerichtet. Die Teilnehmenden erwerben auf effiziente Weise das f\u00fcr die \u00dcberwachung einer Bank der Finma Kategorien 4 und 5 notwendige Wissen \u00fcber die Bankbilanz. Das Training ist auch f\u00fcr Gesch\u00e4ftsleitungsmitglieder, Revisoren und Bankangestellte von Nutzen, die ihre Kenntnisse im Finanzbereich erweitern wollen.<\/p>\n<p>Die f\u00fcr Schweizer Retailbanken relevanten Bilanzpositionen werden einzeln besprochen und in den Zusammenhang zu den jeweiligen Bankgesch\u00e4ften und strategischen Steuerungsentscheidungen gebracht. Der Fokus liegt auf den Aspekten, die f\u00fcr Verwaltungsratsmitglieder zur effektiven Wahrnehmung ihrer Verantwortung als Oberleitungsorgan der Bank wichtig sind.<\/p>\n\t\t\t<a href=\"https:\/\/orbit36.vhx.tv\/products\/die-bankbilanz-verstehen\" target=\"_self\" role=\"button\" aria-label=\"Watch full video\" rel=\"noopener\">\n\t\t\t\t\t\t\tWatch full video\n\t\t<\/a>\n\t\t\t\t\t<img decoding=\"async\" src=\"https:\/\/www.orbit36.com\/wp-content\/uploads\/2024\/06\/thumb-reg-kennzahlen.jpg\" alt=\"\"\/>\n\t\t\t<h3>Regulatorische Kennzahlen<\/h3>\t\t\t\n\t\t\t\t<p>Das Orbit36-Training &#8222;Regulatorische Kennzahlen&#8220; richtet sich an Verwaltungsrats- und Gesch\u00e4ftsleitungsmitglieder von Banken, die sich die zur effektiven \u00dcberwachung und Steuerung einer Bank erforderlichen Grundkenntnisse im Risiko- und Finanzmanagement aneignen oder vertiefen m\u00f6chten. Da die besprochenen Basel III-Kennzahlen und Konzepte f\u00fcr Kapital, Liquidit\u00e4t und Zinsrisiken international abgestimmt sind, eignet sich das Training auch f\u00fcr Teilnehmende ausserhalb der Schweiz.<\/p>\n<p>Besprochen werden die Basel III-Kennzahlen Common Equity Tier 1 (CET1), Additional Tier 1 (AT1), Leverage Ratio, Liquidity Coverage Ratio (LCR), Net Stable Funding Ratio (NSFR) sowie die zur Bemessung von Zinsrisiken benutzte Kennzahl \u0394Economic Value of Equity (Ver\u00e4nderung des Barwerts des Eigenkapitals) <\/p>\n\t\t\t<a href=\"https:\/\/orbit36.vhx.tv\/products\/regulatorische-kennzahlen\" target=\"_self\" role=\"button\" aria-label=\"Watch full video\" rel=\"noopener\">\n\t\t\t\t\t\t\tWatch full video\n\t\t<\/a>\n\t\t\t\t\t<img decoding=\"async\" src=\"https:\/\/www.orbit36.com\/wp-content\/uploads\/2024\/07\/thumb-archegos-collapse.jpg\" alt=\"\"\/>\n\t\t\t<h3>Archegos collapse &#8211; Lessons for Risk Management<\/h3>\t\t\t\n\t\t\t\t<p>The Orbit36-Training &#8222;Archegos collapse &#8211; Lessons for Risk Management&#8220; provides a profound review of the shortcomings in risk management revealed by the collapse of family office Archegos in March 2021. The training is designed for senior managers, board members, regulators, auditors and risk management experts in the financial services industry.<\/p>\n<p>Participants learn how major Wall Street Banks lost billions on their counterparty exposures to a single client, why the loss potential of the derivatives transactions was heavily underestimated and what needs to be done to avoid similar blowups in the future.<\/p>\n<p>The training discusses the complex deal structures which allowed Archegos to establish a risky and allegedly fraudulent trading scheme. In one case, a twenty-billion dollar exposure was unaware to a bank&#8217;s board, since the risks were difficult to identify from traditional risk measures.<\/p>\n\t\t\t<a href=\"https:\/\/orbit36.vhx.tv\/products\/archegos-collapse-lessons-for-risk-management\" target=\"_self\" role=\"button\" aria-label=\"Watch full video\" rel=\"noopener\">\n\t\t\t\t\t\t\tWatch full video\n\t\t<\/a>\n\n","protected":false},"excerpt":{"rendered":"<p>Orbit36 Trainings Do you have the necessary expert knowledge?Enhance your skills with our tailored trainings. Available online and in person, individual or Group training. Board of Directors Training Online Trainings Board of Directors Training Board members of a bank need to effectively supervise the management. Enhance your skills with our tailored board member trainings. Brochure [&hellip;]<\/p>\n","protected":false},"author":1,"featured_media":0,"parent":0,"menu_order":0,"comment_status":"closed","ping_status":"closed","template":"","meta":{"inline_featured_image":false,"site-sidebar-layout":"no-sidebar","site-content-layout":"page-builder","ast-site-content-layout":"full-width-container","site-content-style":"unboxed","site-sidebar-style":"unboxed","ast-global-header-display":"","ast-banner-title-visibility":"","ast-main-header-display":"","ast-hfb-above-header-display":"","ast-hfb-below-header-display":"","ast-hfb-mobile-header-display":"","site-post-title":"disabled","ast-breadcrumbs-content":"","ast-featured-img":"disabled","footer-sml-layout":"","theme-transparent-header-meta":"default","adv-header-id-meta":"","stick-header-meta":"default","header-above-stick-meta":"","header-main-stick-meta":"","header-below-stick-meta":"","astra-migrate-meta-layouts":"set","ast-page-background-enabled":"default","ast-page-background-meta":{"desktop":{"background-color":"","background-image":"","background-repeat":"repeat","background-position":"center center","background-size":"auto","background-attachment":"scroll","background-type":"","background-media":"","overlay-type":"","overlay-color":"","overlay-opacity":"","overlay-gradient":""},"tablet":{"background-color":"","background-image":"","background-repeat":"repeat","background-position":"center center","background-size":"auto","background-attachment":"scroll","background-type":"","background-media":"","overlay-type":"","overlay-color":"","overlay-opacity":"","overlay-gradient":""},"mobile":{"background-color":"","background-image":"","background-repeat":"repeat","background-position":"center center","background-size":"auto","background-attachment":"scroll","background-type":"","background-media":"","overlay-type":"","overlay-color":"","overlay-opacity":"","overlay-gradient":""}},"ast-content-background-meta":{"desktop":{"background-color":"var(--ast-global-color-5)","background-image":"","background-repeat":"repeat","background-position":"center center","background-size":"auto","background-attachment":"scroll","background-type":"","background-media":"","overlay-type":"","overlay-color":"","overlay-opacity":"","overlay-gradient":""},"tablet":{"background-color":"var(--ast-global-color-5)","background-image":"","background-repeat":"repeat","background-position":"center center","background-size":"auto","background-attachment":"scroll","background-type":"","background-media":"","overlay-type":"","overlay-color":"","overlay-opacity":"","overlay-gradient":""},"mobile":{"background-color":"var(--ast-global-color-5)","background-image":"","background-repeat":"repeat","background-position":"center center","background-size":"auto","background-attachment":"scroll","background-type":"","background-media":"","overlay-type":"","overlay-color":"","overlay-opacity":"","overlay-gradient":""}},"footnotes":""},"class_list":["post-4876","page","type-page","status-publish","hentry"],"yoast_head":"<!-- This site is optimized with the Yoast SEO plugin v26.5 - https:\/\/yoast.com\/wordpress\/plugins\/seo\/ -->\n<title>Trainings - Orbit36<\/title>\n<meta name=\"robots\" content=\"index, follow, max-snippet:-1, max-image-preview:large, max-video-preview:-1\" \/>\n<link rel=\"canonical\" href=\"https:\/\/www.orbit36.com\/de\/trainings\/\" \/>\n<meta property=\"og:locale\" content=\"de_DE\" \/>\n<meta property=\"og:type\" content=\"article\" \/>\n<meta property=\"og:title\" content=\"Trainings - Orbit36\" \/>\n<meta property=\"og:description\" content=\"Orbit36 Trainings Do you have the necessary expert knowledge?Enhance your skills with our tailored trainings. Available online and in person, individual or Group training. Board of Directors Training Online Trainings Board of Directors Training Board members of a bank need to effectively supervise the management. Enhance your skills with our tailored board member trainings. Brochure [&hellip;]\" \/>\n<meta property=\"og:url\" content=\"https:\/\/www.orbit36.com\/de\/trainings\/\" \/>\n<meta property=\"og:site_name\" content=\"Orbit36\" \/>\n<meta property=\"article:modified_time\" content=\"2024-08-20T09:49:18+00:00\" \/>\n<meta property=\"og:image\" content=\"https:\/\/www.orbit36.com\/wp-content\/uploads\/2021\/04\/AdobeStock_76378697_w.jpg\" \/>\n<meta name=\"twitter:card\" content=\"summary_large_image\" \/>\n<meta name=\"twitter:label1\" content=\"Gesch\u00e4tzte Lesezeit\" \/>\n\t<meta name=\"twitter:data1\" content=\"5\u00a0Minuten\" \/>\n<script type=\"application\/ld+json\" class=\"yoast-schema-graph\">{\"@context\":\"https:\/\/schema.org\",\"@graph\":[{\"@type\":\"WebPage\",\"@id\":\"https:\/\/www.orbit36.com\/de\/trainings\/\",\"url\":\"https:\/\/www.orbit36.com\/de\/trainings\/\",\"name\":\"Trainings - Orbit36\",\"isPartOf\":{\"@id\":\"https:\/\/www.orbit36.com\/#website\"},\"primaryImageOfPage\":{\"@id\":\"https:\/\/www.orbit36.com\/de\/trainings\/#primaryimage\"},\"image\":{\"@id\":\"https:\/\/www.orbit36.com\/de\/trainings\/#primaryimage\"},\"thumbnailUrl\":\"https:\/\/www.orbit36.com\/wp-content\/uploads\/2021\/04\/AdobeStock_76378697_w.jpg\",\"datePublished\":\"2024-06-20T20:07:31+00:00\",\"dateModified\":\"2024-08-20T09:49:18+00:00\",\"breadcrumb\":{\"@id\":\"https:\/\/www.orbit36.com\/de\/trainings\/#breadcrumb\"},\"inLanguage\":\"de\",\"potentialAction\":[{\"@type\":\"ReadAction\",\"target\":[\"https:\/\/www.orbit36.com\/de\/trainings\/\"]}]},{\"@type\":\"ImageObject\",\"inLanguage\":\"de\",\"@id\":\"https:\/\/www.orbit36.com\/de\/trainings\/#primaryimage\",\"url\":\"https:\/\/www.orbit36.com\/wp-content\/uploads\/2021\/04\/AdobeStock_76378697_w.jpg\",\"contentUrl\":\"https:\/\/www.orbit36.com\/wp-content\/uploads\/2021\/04\/AdobeStock_76378697_w.jpg\"},{\"@type\":\"BreadcrumbList\",\"@id\":\"https:\/\/www.orbit36.com\/de\/trainings\/#breadcrumb\",\"itemListElement\":[{\"@type\":\"ListItem\",\"position\":1,\"name\":\"Home\",\"item\":\"https:\/\/www.orbit36.com\/\"},{\"@type\":\"ListItem\",\"position\":2,\"name\":\"Trainings\"}]},{\"@type\":\"WebSite\",\"@id\":\"https:\/\/www.orbit36.com\/#website\",\"url\":\"https:\/\/www.orbit36.com\/\",\"name\":\"Orbit36\",\"description\":\"Risk Finance Solutions\",\"publisher\":{\"@id\":\"https:\/\/www.orbit36.com\/#organization\"},\"potentialAction\":[{\"@type\":\"SearchAction\",\"target\":{\"@type\":\"EntryPoint\",\"urlTemplate\":\"https:\/\/www.orbit36.com\/?s={search_term_string}\"},\"query-input\":{\"@type\":\"PropertyValueSpecification\",\"valueRequired\":true,\"valueName\":\"search_term_string\"}}],\"inLanguage\":\"de\"},{\"@type\":\"Organization\",\"@id\":\"https:\/\/www.orbit36.com\/#organization\",\"name\":\"Orbit36\",\"url\":\"https:\/\/www.orbit36.com\/\",\"logo\":{\"@type\":\"ImageObject\",\"inLanguage\":\"de\",\"@id\":\"https:\/\/www.orbit36.com\/#\/schema\/logo\/image\/\",\"url\":\"https:\/\/www.orbit36.com\/wp-content\/uploads\/2023\/12\/orbit36-logo-square.png\",\"contentUrl\":\"https:\/\/www.orbit36.com\/wp-content\/uploads\/2023\/12\/orbit36-logo-square.png\",\"width\":1065,\"height\":1064,\"caption\":\"Orbit36\"},\"image\":{\"@id\":\"https:\/\/www.orbit36.com\/#\/schema\/logo\/image\/\"}}]}<\/script>\n<!-- \/ Yoast SEO plugin. -->","yoast_head_json":{"title":"Trainings - Orbit36","robots":{"index":"index","follow":"follow","max-snippet":"max-snippet:-1","max-image-preview":"max-image-preview:large","max-video-preview":"max-video-preview:-1"},"canonical":"https:\/\/www.orbit36.com\/de\/trainings\/","og_locale":"de_DE","og_type":"article","og_title":"Trainings - Orbit36","og_description":"Orbit36 Trainings Do you have the necessary expert knowledge?Enhance your skills with our tailored trainings. Available online and in person, individual or Group training. Board of Directors Training Online Trainings Board of Directors Training Board members of a bank need to effectively supervise the management. Enhance your skills with our tailored board member trainings. Brochure [&hellip;]","og_url":"https:\/\/www.orbit36.com\/de\/trainings\/","og_site_name":"Orbit36","article_modified_time":"2024-08-20T09:49:18+00:00","og_image":[{"url":"https:\/\/www.orbit36.com\/wp-content\/uploads\/2021\/04\/AdobeStock_76378697_w.jpg","type":"","width":"","height":""}],"twitter_card":"summary_large_image","twitter_misc":{"Gesch\u00e4tzte Lesezeit":"5\u00a0Minuten"},"schema":{"@context":"https:\/\/schema.org","@graph":[{"@type":"WebPage","@id":"https:\/\/www.orbit36.com\/de\/trainings\/","url":"https:\/\/www.orbit36.com\/de\/trainings\/","name":"Trainings - Orbit36","isPartOf":{"@id":"https:\/\/www.orbit36.com\/#website"},"primaryImageOfPage":{"@id":"https:\/\/www.orbit36.com\/de\/trainings\/#primaryimage"},"image":{"@id":"https:\/\/www.orbit36.com\/de\/trainings\/#primaryimage"},"thumbnailUrl":"https:\/\/www.orbit36.com\/wp-content\/uploads\/2021\/04\/AdobeStock_76378697_w.jpg","datePublished":"2024-06-20T20:07:31+00:00","dateModified":"2024-08-20T09:49:18+00:00","breadcrumb":{"@id":"https:\/\/www.orbit36.com\/de\/trainings\/#breadcrumb"},"inLanguage":"de","potentialAction":[{"@type":"ReadAction","target":["https:\/\/www.orbit36.com\/de\/trainings\/"]}]},{"@type":"ImageObject","inLanguage":"de","@id":"https:\/\/www.orbit36.com\/de\/trainings\/#primaryimage","url":"https:\/\/www.orbit36.com\/wp-content\/uploads\/2021\/04\/AdobeStock_76378697_w.jpg","contentUrl":"https:\/\/www.orbit36.com\/wp-content\/uploads\/2021\/04\/AdobeStock_76378697_w.jpg"},{"@type":"BreadcrumbList","@id":"https:\/\/www.orbit36.com\/de\/trainings\/#breadcrumb","itemListElement":[{"@type":"ListItem","position":1,"name":"Home","item":"https:\/\/www.orbit36.com\/"},{"@type":"ListItem","position":2,"name":"Trainings"}]},{"@type":"WebSite","@id":"https:\/\/www.orbit36.com\/#website","url":"https:\/\/www.orbit36.com\/","name":"Orbit36","description":"Risk Finance Solutions","publisher":{"@id":"https:\/\/www.orbit36.com\/#organization"},"potentialAction":[{"@type":"SearchAction","target":{"@type":"EntryPoint","urlTemplate":"https:\/\/www.orbit36.com\/?s={search_term_string}"},"query-input":{"@type":"PropertyValueSpecification","valueRequired":true,"valueName":"search_term_string"}}],"inLanguage":"de"},{"@type":"Organization","@id":"https:\/\/www.orbit36.com\/#organization","name":"Orbit36","url":"https:\/\/www.orbit36.com\/","logo":{"@type":"ImageObject","inLanguage":"de","@id":"https:\/\/www.orbit36.com\/#\/schema\/logo\/image\/","url":"https:\/\/www.orbit36.com\/wp-content\/uploads\/2023\/12\/orbit36-logo-square.png","contentUrl":"https:\/\/www.orbit36.com\/wp-content\/uploads\/2023\/12\/orbit36-logo-square.png","width":1065,"height":1064,"caption":"Orbit36"},"image":{"@id":"https:\/\/www.orbit36.com\/#\/schema\/logo\/image\/"}}]}},"_links":{"self":[{"href":"https:\/\/www.orbit36.com\/de\/wp-json\/wp\/v2\/pages\/4876","targetHints":{"allow":["GET"]}}],"collection":[{"href":"https:\/\/www.orbit36.com\/de\/wp-json\/wp\/v2\/pages"}],"about":[{"href":"https:\/\/www.orbit36.com\/de\/wp-json\/wp\/v2\/types\/page"}],"author":[{"embeddable":true,"href":"https:\/\/www.orbit36.com\/de\/wp-json\/wp\/v2\/users\/1"}],"replies":[{"embeddable":true,"href":"https:\/\/www.orbit36.com\/de\/wp-json\/wp\/v2\/comments?post=4876"}],"version-history":[{"count":10,"href":"https:\/\/www.orbit36.com\/de\/wp-json\/wp\/v2\/pages\/4876\/revisions"}],"predecessor-version":[{"id":5048,"href":"https:\/\/www.orbit36.com\/de\/wp-json\/wp\/v2\/pages\/4876\/revisions\/5048"}],"wp:attachment":[{"href":"https:\/\/www.orbit36.com\/de\/wp-json\/wp\/v2\/media?parent=4876"}],"curies":[{"name":"wp","href":"https:\/\/api.w.org\/{rel}","templated":true}]}}